{"id":2037,"date":"2021-05-07T14:01:29","date_gmt":"2021-05-07T14:01:29","guid":{"rendered":"https:\/\/www.udsp76.com\/?page_id=2037"},"modified":"2024-08-14T12:32:32","modified_gmt":"2024-08-14T12:32:32","slug":"elementor-2037","status":"publish","type":"page","link":"https:\/\/www.udsp76.com\/?page_id=2037","title":{"rendered":"FORMATION CONTINUE BNSSA (FC BNSSA)"},"content":{"rendered":"\t\t<div data-elementor-type=\"wp-post\" data-elementor-id=\"2037\" class=\"elementor elementor-2037\" data-elementor-settings=\"[]\">\n\t\t\t<div class=\"elementor-inner\">\n\t\t\t\t<div class=\"elementor-section-wrap\">\n\t\t\t\t\t\t\t<section class=\"elementor-element elementor-element-cf2d026 elementor-section-boxed elementor-section-height-default elementor-section-height-default elementor-section elementor-top-section\" data-id=\"cf2d026\" data-element_type=\"section\">\n\t\t\t\t\t\t<div class=\"elementor-container elementor-column-gap-default\">\n\t\t\t\t<div class=\"elementor-row\">\n\t\t\t\t<div class=\"elementor-element elementor-element-33841e8 elementor-column elementor-col-100 elementor-top-column\" data-id=\"33841e8\" data-element_type=\"column\">\n\t\t\t<div class=\"elementor-column-wrap  elementor-element-populated\">\n\t\t\t\t\t<div class=\"elementor-widget-wrap\">\n\t\t\t\t<div class=\"elementor-element elementor-element-ff947e6 elementor-widget elementor-widget-text-editor\" data-id=\"ff947e6\" data-element_type=\"widget\" data-widget_type=\"text-editor.default\">\n\t\t\t\t<div class=\"elementor-widget-container\">\n\t\t\t\t\t<div class=\"elementor-text-editor elementor-clearfix\"><p><span style=\"text-decoration: underline; color: #00ccff;\"><strong>Public vis\u00e9<\/strong><\/span>: Tout public \u00e0 partir de 17 ans<\/p>\n<p><span style=\"text-decoration: underline; color: #00ccff;\"><strong>Pr\u00e9requis<\/strong><\/span><strong>:<\/strong> Etre titulaire du BNSSA &#8211; Etre apte m\u00e9dicalement \u2013 Etre titulaire \u00e0 jour de sa formation continue PSE1<\/p>\n<p><\/p>\n<p><span style=\"text-decoration: underline; color: #00ccff;\"><strong>Objectifs<\/strong><\/span>: Maintenir \u00e0 jour ses comp\u00e9tences&nbsp;: Surveiller des activit\u00e9s aquatiques pour assister un maitre-nageur sauveteur dans la surveillance de baignade<\/p>\n<p><span style=\"color: #00ccff;\"><strong>Contenu<\/strong><\/span>:<\/p>\n<ul>\n<li>R\u00e8glementation&nbsp;<\/li>\n<li>Natation<\/li>\n<\/ul>\n<p><strong><span style=\"text-decoration: underline; color: #00ccff;\">Dur\u00e9e<\/span>: <\/strong>7 heures<\/p>\n<p><strong><span style=\"text-decoration: underline; color: #00ccff;\">Modalit\u00e9s pratiques et logistiques<\/span>&nbsp;:<\/strong> Sur une journ\u00e9e<\/p>\n<p><span style=\"text-decoration: underline; color: #00ccff;\"><strong>D\u00e9lais d\u2019acc\u00e8s \u00e0 la formation<\/strong><\/span>: Nous contacter&nbsp; &#8211; Certificat m\u00e9dical datant de 3 mois avant le d\u00e9but de formation<\/p>\n<p><strong><span style=\"text-decoration: underline; color: #00ccff;\">Accessibilit\u00e9 aux personnes en situation d\u2019handicap<\/span>&nbsp;: <\/strong>oui sauf aux personnes \u00e0 mobilit\u00e9 r\u00e9duite (PMR)<\/p>\n<p><strong><span style=\"text-decoration: underline; color: #00ccff;\">Lieu de la formation<\/span>&nbsp;: <\/strong>Piscine (d\u00e9partement 76), centres d\u2019incendie et de secours, centre d\u00e9partemental de formations \u00e0 SAINT VALERY EN CAUX<\/p>\n<p><strong>&nbsp;<\/strong><\/p>\n<p><strong><span style=\"text-decoration: underline; color: #00ccff;\">Pr\u00e9sentation de l\u2019\u00e9quipe p\u00e9dagogique<\/span>&nbsp;:<\/strong><\/p>\n<ul>\n<li>1 BPJEPS AAN&nbsp;: Brevet Professionnel de la Jeunesse, de d\u2019\u00c9ducation Populaire et du Sport, sp\u00e9cialisation Activit\u00e9s Aquatiques et Natation<\/li>\n<li>1 BNSSA&nbsp;: Brevet National de S\u00e9curit\u00e9 et de Sauvetage Aquatique<\/li>\n<li>1 Formateur Premiers secours en \u00e9quipe \u00e0 jour de sa formation continue<\/li>\n<\/ul>\n<p><span style=\"text-decoration: underline; color: #00ccff;\"><strong>M\u00e9thodes mobilis\u00e9es \/ Modalit\u00e9s d\u2019\u00e9valuation<\/strong><\/span>: Apprentissage \u2013 Epreuves certificatives (jury) \u2013 Examen selon les modalit\u00e9s de l\u2019arr\u00eat\u00e9 minist\u00e9riel en cours<\/p>\n<p><span style=\"text-decoration: underline; color: #00ccff;\"><strong>Possibilit\u00e9s de validation d\u2019un\/des blocs de comp\u00e9tences<\/strong><\/span>: non<\/p>\n<p><span style=\"text-decoration: underline; color: #00ccff;\"><strong>Equivalences, passerelles <\/strong><\/span>: non<\/p>\n<p><span style=\"text-decoration: underline; color: #00ccff;\"><strong>Suites de parcours <\/strong><\/span>: Formation continue BNSSA (tous les 5 ans), BPJEPS AAN&nbsp;: Brevet Professionnel de la Jeunesse, de d\u2019\u00c9ducation Populaire et du Sport, sp\u00e9cialisation Activit\u00e9s Aquatiques et Natation<\/p>\n<p><span style=\"text-decoration: underline; color: #00ccff;\"><strong>D\u00e9bouch\u00e9s<\/strong>:<\/span> Sapeur-pompier volontaire saisonnier (SPVS \u2013 Surveillant de plages) , m\u00e9tiers li\u00e9s \u00e0 la natation<\/p>\n<p><span style=\"text-decoration: underline; color: #00ccff;\"><strong>Taux d\u2019obtention des certifications pr\u00e9par\u00e9es<\/strong><\/span>: 90%<\/p>\n<p><span style=\"text-decoration: underline; color: #00ccff;\"><strong>Documentation<\/strong> <\/span><strong><span style=\"text-decoration: underline; color: #00ccff;\">utile&nbsp;<\/span>: <\/strong>Pas de documentation<\/p>\n<p><span style=\"text-decoration: underline; color: #00ccff;\"><strong>Tarif <\/strong><\/span>: nous contacter&nbsp;<\/p>\n<p><\/p>\n<p style=\"text-align: center;\"><span style=\"text-decoration: underline; color: #00ccff;\"><strong>Contact<\/strong>:<\/span><\/p>\n<p style=\"text-align: center;\"><u>R\u00e9f\u00e9rent Administratif<\/u>:<\/p>\n<p style=\"text-align: center;\">DANGER Sophie \u2013 Secr\u00e9taire de direction \u2013 02 32 70 44 35 \u2013 udsp76@gmail.com<\/p>\n<p style=\"text-align: center;\"><u>R\u00e9f\u00e9rent P\u00e9dagogique<\/u>:<\/p>\n<p style=\"text-align: center;\">COURONNET Pierre \u2013 Formateur de formateurs \u2013 06 11 58 77 16 \u2013 udsp76formations@wanadoo.fr<\/p>\n<p><\/p><\/div>\n\t\t\t\t<\/div>\n\t\t\t\t<\/div>\n\t\t\t\t\t\t<\/div>\n\t\t\t<\/div>\n\t\t<\/div>\n\t\t\t\t\t\t<\/div>\n\t\t\t<\/div>\n\t\t<\/section>\n\t\t\t\t<section class=\"elementor-element elementor-element-81bbd0f elementor-section-boxed elementor-section-height-default elementor-section-height-default elementor-section elementor-top-section\" data-id=\"81bbd0f\" data-element_type=\"section\">\n\t\t\t\t\t\t<div class=\"elementor-container elementor-column-gap-default\">\n\t\t\t\t<div class=\"elementor-row\">\n\t\t\t\t<div class=\"elementor-element elementor-element-f2be1a8 elementor-column elementor-col-100 elementor-top-column\" data-id=\"f2be1a8\" data-element_type=\"column\">\n\t\t\t<div class=\"elementor-column-wrap  elementor-element-populated\">\n\t\t\t\t\t<div class=\"elementor-widget-wrap\">\n\t\t\t\t<div class=\"elementor-element elementor-element-eebf0f6 elementor-widget elementor-widget-text-editor\" data-id=\"eebf0f6\" data-element_type=\"widget\" data-widget_type=\"text-editor.default\">\n\t\t\t\t<div class=\"elementor-widget-container\">\n\t\t\t\t\t<div class=\"elementor-text-editor elementor-clearfix\"><h3><span style=\"color: #00ccff;\">PROGRAMME DE LA FORMATION : <a href=\"https:\/\/www.udsp76.com\/?attachment_id=2895\" rel=\"attachment wp-att-2895\">CLIQUEZ ICI<\/a><\/span><\/h3><\/div>\n\t\t\t\t<\/div>\n\t\t\t\t<\/div>\n\t\t\t\t\t\t<\/div>\n\t\t\t<\/div>\n\t\t<\/div>\n\t\t\t\t\t\t<\/div>\n\t\t\t<\/div>\n\t\t<\/section>\n\t\t\t\t<section class=\"elementor-element elementor-element-537a7e4 elementor-section-boxed elementor-section-height-default elementor-section-height-default elementor-section elementor-top-section\" data-id=\"537a7e4\" data-element_type=\"section\">\n\t\t\t\t\t\t<div class=\"elementor-container elementor-column-gap-default\">\n\t\t\t\t<div class=\"elementor-row\">\n\t\t\t\t<div class=\"elementor-element elementor-element-9c51f67 elementor-column elementor-col-100 elementor-top-column\" data-id=\"9c51f67\" data-element_type=\"column\">\n\t\t\t<div class=\"elementor-column-wrap  elementor-element-populated\">\n\t\t\t\t\t<div class=\"elementor-widget-wrap\">\n\t\t\t\t<div class=\"elementor-element elementor-element-fc86378 elementor-widget elementor-widget-text-editor\" data-id=\"fc86378\" data-element_type=\"widget\" data-widget_type=\"text-editor.default\">\n\t\t\t\t<div class=\"elementor-widget-container\">\n\t\t\t\t\t<div class=\"elementor-text-editor elementor-clearfix\"><h3><span style=\"color: #00ccff;\">FICHE DE PRESENTATION DE LA FORMATION<\/span> : <a href=\"https:\/\/www.udsp76.com\/?attachment_id=2894\" rel=\"attachment wp-att-2894\">CLIQUEZ ICI<\/a><\/h3><\/div>\n\t\t\t\t<\/div>\n\t\t\t\t<\/div>\n\t\t\t\t\t\t<\/div>\n\t\t\t<\/div>\n\t\t<\/div>\n\t\t\t\t\t\t<\/div>\n\t\t\t<\/div>\n\t\t<\/section>\n\t\t\t\t<section class=\"elementor-element elementor-element-ae283cc elementor-section-boxed elementor-section-height-default elementor-section-height-default elementor-section elementor-top-section\" data-id=\"ae283cc\" data-element_type=\"section\">\n\t\t\t\t\t\t<div class=\"elementor-container elementor-column-gap-default\">\n\t\t\t\t<div class=\"elementor-row\">\n\t\t\t\t<div class=\"elementor-element elementor-element-6310eea elementor-column elementor-col-100 elementor-top-column\" data-id=\"6310eea\" data-element_type=\"column\">\n\t\t\t<div class=\"elementor-column-wrap  elementor-element-populated\">\n\t\t\t\t\t<div class=\"elementor-widget-wrap\">\n\t\t\t\t<div class=\"elementor-element elementor-element-0965fe8 elementor-widget elementor-widget-image\" data-id=\"0965fe8\" data-element_type=\"widget\" data-widget_type=\"image.default\">\n\t\t\t\t<div class=\"elementor-widget-container\">\n\t\t\t\t\t<div class=\"elementor-image\">\n\t\t\t\t\t\t\t\t\t\t<img width=\"275\" height=\"183\" src=\"https:\/\/www.udsp76.com\/wp-content\/uploads\/2021\/05\/PHOTO-2.jpg\" class=\"attachment-large size-large\" alt=\"\" decoding=\"async\" loading=\"lazy\" \/>\t\t\t\t\t\t\t\t\t\t\t<\/div>\n\t\t\t\t<\/div>\n\t\t\t\t<\/div>\n\t\t\t\t\t\t<\/div>\n\t\t\t<\/div>\n\t\t<\/div>\n\t\t\t\t\t\t<\/div>\n\t\t\t<\/div>\n\t\t<\/section>\n\t\t\t\t\t\t<\/div>\n\t\t\t<\/div>\n\t\t<\/div>\n\t\t","protected":false},"excerpt":{"rendered":"<p>Public vis\u00e9: Tout public \u00e0 partir de 17 ans Pr\u00e9requis: Etre titulaire du BNSSA &#8211; Etre apte m\u00e9dicalement \u2013 Etre titulaire \u00e0 jour de sa formation continue PSE1 Objectifs: Maintenir \u00e0 jour ses comp\u00e9tences&nbsp;: Surveiller des activit\u00e9s aquatiques pour assister un maitre-nageur sauveteur dans la surveillance de baignade Contenu: R\u00e8glementation&nbsp; Natation Dur\u00e9e: 7 heures Modalit\u00e9s&hellip;<\/p>\n","protected":false},"author":1,"featured_media":0,"parent":0,"menu_order":0,"comment_status":"closed","ping_status":"closed","template":"","meta":[],"categories":[],"tags":[],"_links":{"self":[{"href":"https:\/\/www.udsp76.com\/index.php?rest_route=\/wp\/v2\/pages\/2037"}],"collection":[{"href":"https:\/\/www.udsp76.com\/index.php?rest_route=\/wp\/v2\/pages"}],"about":[{"href":"https:\/\/www.udsp76.com\/index.php?rest_route=\/wp\/v2\/types\/page"}],"author":[{"embeddable":true,"href":"https:\/\/www.udsp76.com\/index.php?rest_route=\/wp\/v2\/users\/1"}],"replies":[{"embeddable":true,"href":"https:\/\/www.udsp76.com\/index.php?rest_route=%2Fwp%2Fv2%2Fcomments&post=2037"}],"version-history":[{"count":8,"href":"https:\/\/www.udsp76.com\/index.php?rest_route=\/wp\/v2\/pages\/2037\/revisions"}],"predecessor-version":[{"id":3031,"href":"https:\/\/www.udsp76.com\/index.php?rest_route=\/wp\/v2\/pages\/2037\/revisions\/3031"}],"wp:attachment":[{"href":"https:\/\/www.udsp76.com\/index.php?rest_route=%2Fwp%2Fv2%2Fmedia&parent=2037"}],"wp:term":[{"taxonomy":"category","embeddable":true,"href":"https:\/\/www.udsp76.com\/index.php?rest_route=%2Fwp%2Fv2%2Fcategories&post=2037"},{"taxonomy":"post_tag","embeddable":true,"href":"https:\/\/www.udsp76.com\/index.php?rest_route=%2Fwp%2Fv2%2Ftags&post=2037"}],"curies":[{"name":"wp","href":"https:\/\/api.w.org\/{rel}","templated":true}]}}