{"id":2000,"date":"2021-05-07T13:01:07","date_gmt":"2021-05-07T13:01:07","guid":{"rendered":"https:\/\/www.udsp76.com\/?page_id=2000"},"modified":"2024-08-14T12:28:46","modified_gmt":"2024-08-14T12:28:46","slug":"elementor-2000","status":"publish","type":"page","link":"https:\/\/www.udsp76.com\/?page_id=2000","title":{"rendered":"CERTIFICAT DE FORMATEUR EN SAUVETAGE SECOURISME DU TRAVAIL (FSST)"},"content":{"rendered":"\t\t<div data-elementor-type=\"wp-post\" data-elementor-id=\"2000\" class=\"elementor elementor-2000\" data-elementor-settings=\"[]\">\n\t\t\t<div class=\"elementor-inner\">\n\t\t\t\t<div class=\"elementor-section-wrap\">\n\t\t\t\t\t\t\t<section class=\"elementor-element elementor-element-ee2bb70 elementor-section-boxed elementor-section-height-default elementor-section-height-default elementor-section elementor-top-section\" data-id=\"ee2bb70\" data-element_type=\"section\">\n\t\t\t\t\t\t<div class=\"elementor-container elementor-column-gap-default\">\n\t\t\t\t<div class=\"elementor-row\">\n\t\t\t\t<div class=\"elementor-element elementor-element-5970be5 elementor-column elementor-col-100 elementor-top-column\" data-id=\"5970be5\" data-element_type=\"column\">\n\t\t\t<div class=\"elementor-column-wrap  elementor-element-populated\">\n\t\t\t\t\t<div class=\"elementor-widget-wrap\">\n\t\t\t\t<div class=\"elementor-element elementor-element-a394702 elementor-widget elementor-widget-text-editor\" data-id=\"a394702\" data-element_type=\"widget\" data-widget_type=\"text-editor.default\">\n\t\t\t\t<div class=\"elementor-widget-container\">\n\t\t\t\t\t<div class=\"elementor-text-editor elementor-clearfix\"><p><span style=\"text-decoration: underline;\"><span style=\"color: #99cc00; text-decoration: underline;\"><strong>Public vis\u00e9<\/strong>:<\/span><\/span> Tout public<\/p>\n<p><span style=\"text-decoration: underline;\"><span style=\"color: #99cc00; text-decoration: underline;\"><strong>Pr\u00e9requis<\/strong><\/span><\/span><strong>: <\/strong>Certificat de sauveteur secouriste du travail \u00e0 jour \u2013 FOAD \u00ab&nbsp;Bases en pr\u00e9vention&nbsp;\u00bb INRS<\/p>\n<p><strong>&nbsp;<\/strong><\/p>\n<p><span style=\"text-decoration: underline; color: #99cc00;\"><strong>Objectifs<\/strong><\/span>: Assurer la formation initiale et la MAC des SST dans le respect des textes en vigueur<\/p>\n<p><\/p>\n<p><span style=\"text-decoration: underline; color: #99cc00;\"><strong>Contenu<\/strong><\/span>: Th\u00e9orie&nbsp;: Apport de connaissances \u2013 Pratique&nbsp;: Travail en groupe et sous-groupe<\/p>\n<p><\/p>\n<p><strong><span style=\"text-decoration: underline; color: #99cc00;\">Dur\u00e9e<\/span>&nbsp;: <\/strong>56 heures minimum<\/p>\n<p><span style=\"text-decoration: underline; color: #99cc00;\"><strong>Modalit\u00e9s pratiques et logistiques <\/strong><\/span>: 2 semaines (4 jours) non cons\u00e9cutives \u2013 Repas pris en charge par l\u2019UDSP76<\/p>\n<p><span style=\"text-decoration: underline; color: #99cc00;\"><strong>D\u00e9lais d\u2019acc\u00e8s \u00e0 la formation <\/strong><\/span>: 3 mois (SST, mise \u00e0 jour de la MAC, FOAD)<\/p>\n<p><\/p>\n<p><span style=\"color: #99cc00;\"><strong><span style=\"text-decoration: underline;\">Accessibilit\u00e9 aux personnes en situation d\u2019handicap<\/span> <\/strong><\/span>: Oui sauf personne \u00e0 mobilit\u00e9 r\u00e9duite (PMR)<\/p>\n<p><\/p>\n<p><strong><span style=\"text-decoration: underline; color: #99cc00;\">Lieu de la formation<\/span>&nbsp;: <\/strong>Yvetot \u2013 Dans les locaux de l\u2019UDSP76<\/p>\n<p><strong><span style=\"text-decoration: underline; color: #99cc00;\">Pr\u00e9sentation de l\u2019\u00e9quipe p\u00e9dagogique<\/span>&nbsp;: <\/strong>1 Formateur de formateur SST \u00e0 jour de sa formation continue<\/p>\n<p><span style=\"text-decoration: underline; color: #99cc00;\"><strong>M\u00e9thodes mobilis\u00e9es \/ Modalit\u00e9s d\u2019\u00e9valuation<\/strong>:<\/span> Evaluations formatives + Epreuves certificatives (grille INRS en vigueur)<\/p>\n<p><span style=\"text-decoration: underline; color: #99cc00;\"><strong>Possibilit\u00e9s de validation d\u2019un\/des blocs de comp\u00e9tences<\/strong><\/span> : Oui<\/p>\n<p><span style=\"text-decoration: underline; color: #99cc00;\"><strong>Equivalences, passerelles <\/strong><\/span>: Formateur PSC, Formateur GQS (si reconnu par un organisme sur une liste d\u2019aptitude)<\/p>\n<p><\/p>\n<p><span style=\"text-decoration: underline; color: #99cc00;\"><strong>Suites de parcours <\/strong><\/span>: Maintien et Actualisation des Comp\u00e9tences (MAC) de formateur SST , Formateur de Formateur SST<\/p>\n<p><span style=\"text-decoration: underline; color: #99cc00;\"><strong>D\u00e9bouch\u00e9s<\/strong><\/span>: Formateur ind\u00e9pendant, formateur en entreprise<\/p>\n<p><span style=\"text-decoration: underline; color: #99cc00;\"><strong>Taux d\u2019obtention des certifications pr\u00e9par\u00e9es<\/strong><\/span> : 99%<\/p>\n<p><\/p>\n<p><span style=\"text-decoration: underline; color: #99cc00;\"><strong>Documentation<\/strong> <\/span><strong><span style=\"text-decoration: underline; color: #99cc00;\">utile<\/span>&nbsp;: <\/strong>Site internet INRS<\/p>\n<p><span style=\"text-decoration: underline; color: #99cc00;\"><strong>Tarif<\/strong><\/span> :<\/p>\n<ul>\n<li style=\"list-style-type: none;\">\n<ul>\n<li>Gratuit\u00e9 pour les sapeurs-pompiers du d\u00e9partement de la Seine-Maritime<\/li>\n<li>Ext\u00e9rieur&nbsp;: 1200\u20ac<\/li>\n<\/ul>\n<\/li>\n<\/ul>\n<h4 style=\"text-align: center;\"><span style=\"text-decoration: underline; color: #99cc00;\"><strong>Contact <\/strong>:<\/span><\/h4>\n<p style=\"text-align: center;\"><u>R\u00e9f\u00e9rent Administratif<\/u>: DANGER Sophie \u2013 Assistante de direction \u2013 02 32 70 44 35 \u2013 udsp76@gmail.com<\/p>\n<p style=\"text-align: center;\"><u style=\"letter-spacing: 0px;\">R\u00e9f\u00e9rent P\u00e9dagogique<\/u><span style=\"letter-spacing: 0px;\">: COURONNET Pierre \u2013 Formateur de formateurs \u2013 06 11 58 77 16 \u2013 udsp76formations@wanadoo.fr<\/span><\/p>\n<p style=\"text-align: center;\">\n<\/p><p style=\"text-align: center;\">\n<\/p><\/div>\n\t\t\t\t<\/div>\n\t\t\t\t<\/div>\n\t\t\t\t\t\t<\/div>\n\t\t\t<\/div>\n\t\t<\/div>\n\t\t\t\t\t\t<\/div>\n\t\t\t<\/div>\n\t\t<\/section>\n\t\t\t\t<section class=\"elementor-element elementor-element-044f536 elementor-section-boxed elementor-section-height-default elementor-section-height-default elementor-section elementor-top-section\" data-id=\"044f536\" data-element_type=\"section\">\n\t\t\t\t\t\t<div class=\"elementor-container elementor-column-gap-default\">\n\t\t\t\t<div class=\"elementor-row\">\n\t\t\t\t<div class=\"elementor-element elementor-element-abed6a5 elementor-column elementor-col-100 elementor-top-column\" data-id=\"abed6a5\" data-element_type=\"column\">\n\t\t\t<div class=\"elementor-column-wrap  elementor-element-populated\">\n\t\t\t\t\t<div class=\"elementor-widget-wrap\">\n\t\t\t\t<div class=\"elementor-element elementor-element-47f521d elementor-widget elementor-widget-text-editor\" data-id=\"47f521d\" data-element_type=\"widget\" data-widget_type=\"text-editor.default\">\n\t\t\t\t<div class=\"elementor-widget-container\">\n\t\t\t\t\t<div class=\"elementor-text-editor elementor-clearfix\"><h3><span style=\"color: #99cc00;\">PROGRAMME DE FORMATION :<\/span><span style=\"color: #333333;\"> <a href=\"https:\/\/www.udsp76.com\/?attachment_id=2871\" rel=\"attachment wp-att-2871\">CLIQUEZ ICI<\/a><\/span><\/h3><\/div>\n\t\t\t\t<\/div>\n\t\t\t\t<\/div>\n\t\t\t\t\t\t<\/div>\n\t\t\t<\/div>\n\t\t<\/div>\n\t\t\t\t\t\t<\/div>\n\t\t\t<\/div>\n\t\t<\/section>\n\t\t\t\t<section class=\"elementor-element elementor-element-6e57af0 elementor-section-boxed elementor-section-height-default elementor-section-height-default elementor-section elementor-top-section\" data-id=\"6e57af0\" data-element_type=\"section\">\n\t\t\t\t\t\t<div class=\"elementor-container elementor-column-gap-default\">\n\t\t\t\t<div class=\"elementor-row\">\n\t\t\t\t<div class=\"elementor-element elementor-element-cb4135c elementor-column elementor-col-100 elementor-top-column\" data-id=\"cb4135c\" data-element_type=\"column\">\n\t\t\t<div class=\"elementor-column-wrap  elementor-element-populated\">\n\t\t\t\t\t<div class=\"elementor-widget-wrap\">\n\t\t\t\t<div class=\"elementor-element elementor-element-7cc30db elementor-widget elementor-widget-text-editor\" data-id=\"7cc30db\" data-element_type=\"widget\" data-widget_type=\"text-editor.default\">\n\t\t\t\t<div class=\"elementor-widget-container\">\n\t\t\t\t\t<div class=\"elementor-text-editor elementor-clearfix\"><h3><span style=\"color: #99cc00;\">FICHE DE PRESENTATION DE LA FORMATION : <a href=\"https:\/\/www.udsp76.com\/?attachment_id=2873\" rel=\"attachment wp-att-2873\">CLIQUEZ ICI<\/a><\/span><\/h3><\/div>\n\t\t\t\t<\/div>\n\t\t\t\t<\/div>\n\t\t\t\t\t\t<\/div>\n\t\t\t<\/div>\n\t\t<\/div>\n\t\t\t\t\t\t<\/div>\n\t\t\t<\/div>\n\t\t<\/section>\n\t\t\t\t<section class=\"elementor-element elementor-element-d27de1b elementor-section-boxed elementor-section-height-default elementor-section-height-default elementor-section elementor-top-section\" data-id=\"d27de1b\" data-element_type=\"section\">\n\t\t\t\t\t\t<div class=\"elementor-container elementor-column-gap-default\">\n\t\t\t\t<div class=\"elementor-row\">\n\t\t\t\t<div class=\"elementor-element elementor-element-0c1e82d elementor-column elementor-col-100 elementor-top-column\" data-id=\"0c1e82d\" data-element_type=\"column\">\n\t\t\t<div class=\"elementor-column-wrap  elementor-element-populated\">\n\t\t\t\t\t<div class=\"elementor-widget-wrap\">\n\t\t\t\t<div class=\"elementor-element elementor-element-6814ef6 elementor-widget elementor-widget-image\" data-id=\"6814ef6\" data-element_type=\"widget\" data-widget_type=\"image.default\">\n\t\t\t\t<div class=\"elementor-widget-container\">\n\t\t\t\t\t<div class=\"elementor-image\">\n\t\t\t\t\t\t\t\t\t\t<img width=\"1024\" height=\"768\" src=\"https:\/\/www.udsp76.com\/wp-content\/uploads\/2021\/05\/P1110271-1024x768.jpg\" class=\"attachment-large size-large\" alt=\"\" decoding=\"async\" loading=\"lazy\" srcset=\"https:\/\/www.udsp76.com\/wp-content\/uploads\/2021\/05\/P1110271-1024x768.jpg 1024w, https:\/\/www.udsp76.com\/wp-content\/uploads\/2021\/05\/P1110271-300x225.jpg 300w, https:\/\/www.udsp76.com\/wp-content\/uploads\/2021\/05\/P1110271-768x576.jpg 768w, https:\/\/www.udsp76.com\/wp-content\/uploads\/2021\/05\/P1110271-1536x1152.jpg 1536w, https:\/\/www.udsp76.com\/wp-content\/uploads\/2021\/05\/P1110271-2048x1536.jpg 2048w, https:\/\/www.udsp76.com\/wp-content\/uploads\/2021\/05\/P1110271-160x120.jpg 160w\" sizes=\"(max-width: 1024px) 100vw, 1024px\" \/>\t\t\t\t\t\t\t\t\t\t\t<\/div>\n\t\t\t\t<\/div>\n\t\t\t\t<\/div>\n\t\t\t\t\t\t<\/div>\n\t\t\t<\/div>\n\t\t<\/div>\n\t\t\t\t\t\t<\/div>\n\t\t\t<\/div>\n\t\t<\/section>\n\t\t\t\t<section class=\"elementor-element elementor-element-b258e94 elementor-section-boxed elementor-section-height-default elementor-section-height-default elementor-section elementor-top-section\" data-id=\"b258e94\" data-element_type=\"section\">\n\t\t\t\t\t\t<div class=\"elementor-container elementor-column-gap-default\">\n\t\t\t\t<div class=\"elementor-row\">\n\t\t\t\t<div class=\"elementor-element elementor-element-e56e27c elementor-column elementor-col-100 elementor-top-column\" data-id=\"e56e27c\" data-element_type=\"column\">\n\t\t\t<div class=\"elementor-column-wrap  elementor-element-populated\">\n\t\t\t\t\t<div class=\"elementor-widget-wrap\">\n\t\t\t\t<div class=\"elementor-element elementor-element-b70dd1c elementor-widget elementor-widget-image\" data-id=\"b70dd1c\" data-element_type=\"widget\" data-widget_type=\"image.default\">\n\t\t\t\t<div class=\"elementor-widget-container\">\n\t\t\t\t\t<div class=\"elementor-image\">\n\t\t\t\t\t\t\t\t\t\t<img width=\"590\" height=\"589\" src=\"https:\/\/www.udsp76.com\/wp-content\/uploads\/2021\/05\/logo-SST-rouge.jpg\" class=\"attachment-large size-large\" alt=\"\" decoding=\"async\" loading=\"lazy\" srcset=\"https:\/\/www.udsp76.com\/wp-content\/uploads\/2021\/05\/logo-SST-rouge.jpg 590w, https:\/\/www.udsp76.com\/wp-content\/uploads\/2021\/05\/logo-SST-rouge-300x300.jpg 300w, https:\/\/www.udsp76.com\/wp-content\/uploads\/2021\/05\/logo-SST-rouge-150x150.jpg 150w\" sizes=\"(max-width: 590px) 100vw, 590px\" \/>\t\t\t\t\t\t\t\t\t\t\t<\/div>\n\t\t\t\t<\/div>\n\t\t\t\t<\/div>\n\t\t\t\t\t\t<\/div>\n\t\t\t<\/div>\n\t\t<\/div>\n\t\t\t\t\t\t<\/div>\n\t\t\t<\/div>\n\t\t<\/section>\n\t\t\t\t\t\t<\/div>\n\t\t\t<\/div>\n\t\t<\/div>\n\t\t","protected":false},"excerpt":{"rendered":"<p>Public vis\u00e9: Tout public Pr\u00e9requis: Certificat de sauveteur secouriste du travail \u00e0 jour \u2013 FOAD \u00ab&nbsp;Bases en pr\u00e9vention&nbsp;\u00bb INRS &nbsp; Objectifs: Assurer la formation initiale et la MAC des SST dans le respect des textes en vigueur Contenu: Th\u00e9orie&nbsp;: Apport de connaissances \u2013 Pratique&nbsp;: Travail en groupe et sous-groupe Dur\u00e9e&nbsp;: 56 heures minimum Modalit\u00e9s pratiques&hellip;<\/p>\n","protected":false},"author":1,"featured_media":0,"parent":0,"menu_order":0,"comment_status":"closed","ping_status":"closed","template":"","meta":[],"categories":[],"tags":[],"_links":{"self":[{"href":"https:\/\/www.udsp76.com\/index.php?rest_route=\/wp\/v2\/pages\/2000"}],"collection":[{"href":"https:\/\/www.udsp76.com\/index.php?rest_route=\/wp\/v2\/pages"}],"about":[{"href":"https:\/\/www.udsp76.com\/index.php?rest_route=\/wp\/v2\/types\/page"}],"author":[{"embeddable":true,"href":"https:\/\/www.udsp76.com\/index.php?rest_route=\/wp\/v2\/users\/1"}],"replies":[{"embeddable":true,"href":"https:\/\/www.udsp76.com\/index.php?rest_route=%2Fwp%2Fv2%2Fcomments&post=2000"}],"version-history":[{"count":19,"href":"https:\/\/www.udsp76.com\/index.php?rest_route=\/wp\/v2\/pages\/2000\/revisions"}],"predecessor-version":[{"id":3023,"href":"https:\/\/www.udsp76.com\/index.php?rest_route=\/wp\/v2\/pages\/2000\/revisions\/3023"}],"wp:attachment":[{"href":"https:\/\/www.udsp76.com\/index.php?rest_route=%2Fwp%2Fv2%2Fmedia&parent=2000"}],"wp:term":[{"taxonomy":"category","embeddable":true,"href":"https:\/\/www.udsp76.com\/index.php?rest_route=%2Fwp%2Fv2%2Fcategories&post=2000"},{"taxonomy":"post_tag","embeddable":true,"href":"https:\/\/www.udsp76.com\/index.php?rest_route=%2Fwp%2Fv2%2Ftags&post=2000"}],"curies":[{"name":"wp","href":"https:\/\/api.w.org\/{rel}","templated":true}]}}