{"id":1886,"date":"2021-05-06T07:16:58","date_gmt":"2021-05-06T07:16:58","guid":{"rendered":"https:\/\/www.udsp76.com\/?page_id=1886"},"modified":"2024-08-14T12:15:59","modified_gmt":"2024-08-14T12:15:59","slug":"elementor-1886","status":"publish","type":"page","link":"https:\/\/www.udsp76.com\/?page_id=1886","title":{"rendered":"Formation Continue PSE1 (FCPSE1)"},"content":{"rendered":"\t\t<div data-elementor-type=\"wp-post\" data-elementor-id=\"1886\" class=\"elementor elementor-1886\" data-elementor-settings=\"[]\">\n\t\t\t<div class=\"elementor-inner\">\n\t\t\t\t<div class=\"elementor-section-wrap\">\n\t\t\t\t\t\t\t<section class=\"elementor-element elementor-element-c03328c elementor-section-boxed elementor-section-height-default elementor-section-height-default elementor-section elementor-top-section\" data-id=\"c03328c\" data-element_type=\"section\">\n\t\t\t\t\t\t<div class=\"elementor-container elementor-column-gap-default\">\n\t\t\t\t<div class=\"elementor-row\">\n\t\t\t\t<div class=\"elementor-element elementor-element-5f560f6 elementor-column elementor-col-100 elementor-top-column\" data-id=\"5f560f6\" data-element_type=\"column\">\n\t\t\t<div class=\"elementor-column-wrap  elementor-element-populated\">\n\t\t\t\t\t<div class=\"elementor-widget-wrap\">\n\t\t\t\t<div class=\"elementor-element elementor-element-a9f4a66 elementor-widget elementor-widget-text-editor\" data-id=\"a9f4a66\" data-element_type=\"widget\" data-widget_type=\"text-editor.default\">\n\t\t\t\t<div class=\"elementor-widget-container\">\n\t\t\t\t\t<div class=\"elementor-text-editor elementor-clearfix\"><p><span style=\"text-decoration: underline;\"><span style=\"color: #993366;\"><strong>Public vis\u00e9 <\/strong><\/span><\/span>: Accessible \u00e0 tout personne \u00e0 partir de 16 ans munie d\u2019une autorisation parentale<\/p>\n<p><span style=\"text-decoration: underline;\"><span style=\"color: #993366; text-decoration: underline;\"><strong>Pr\u00e9requis<\/strong> <\/span><\/span><strong>: <\/strong>Etre titulaire du PSE1<\/p>\n<p><span style=\"text-decoration: underline;\"><span style=\"color: #993366; text-decoration: underline;\"><strong>Objectifs<\/strong> <\/span><\/span>: Maintenir \u00e0 jour les comp\u00e9tences n\u00e9cessaires afin de porter secours, sur le plan technique et humain, \u00e0 une ou plusieurs victimes, en agissant seul ou sein d\u2019une \u00e9quipe, avec ou sans mat\u00e9riel, dans l\u2019attente ou en compl\u00e9ment des services publics de secours concern\u00e9s.<\/p>\n<p><span style=\"text-decoration: underline; color: #993366;\"><strong>Contenu<\/strong><\/span>&nbsp;: programme annuel \u00e0 minima d\u00e9finit par la Direction G\u00e9n\u00e9rale de la S\u00e9curit\u00e9 Civile et de la Gestion des Crises (DGSCGC)<\/p>\n<p><span style=\"text-decoration: underline;\"><span style=\"color: #993366; text-decoration: underline;\"><strong>Dur\u00e9e<\/strong><\/span><\/span> <strong>: <\/strong>6 heures<\/p>\n<p><span style=\"text-decoration: underline;\"><span style=\"color: #993366;\"><strong>Modalit\u00e9s pratiques et logistiques <\/strong><\/span><\/span>&nbsp;: La formation se d\u00e9roule sur une journ\u00e9e. Restauration libre<\/p>\n<p><span style=\"text-decoration: underline;\"><span style=\"color: #993366;\"><strong>D\u00e9lais d\u2019acc\u00e8s \u00e0 la formation <\/strong><\/span><\/span>: inscription par t\u00e9l\u00e9phone<\/p>\n<p><span style=\"text-decoration: underline;\"><span style=\"color: #993366;\"><strong>Accessibilit\u00e9 aux personnes handicap\u00e9es<\/strong><\/span><\/span>&nbsp;: oui sauf personne \u00e0 mobilit\u00e9 r\u00e9duite (PMR)<\/p>\n<p><strong><span style=\"text-decoration: underline; color: #993366;\">Lieu de la formation<\/span>&nbsp;:<\/strong> YVETOT (Maison des sapeurs-pompiers) \u2013 Sur site (entreprises\u2026) &#8211;<\/p>\n<p><strong><span style=\"text-decoration: underline;\"><span style=\"color: #993366; text-decoration: underline;\">Pr\u00e9sentation de l\u2019\u00e9quipe p\u00e9dagogique<\/span><\/span>&nbsp;: <\/strong>Etre titulaire du certificat de comp\u00e9tences de \u00ab&nbsp;formateur de premiers secours en \u00e9quipe \u00bb \u00e0 jour de leur formation continue<\/p>\n<ul>\n<li>1 formateur dont un responsable p\u00e9dagogique pour 6 \u00e0 12 apprenants<\/li>\n<li>2 formateurs dont un responsable p\u00e9dagogique pour 13 \u00e0 18 apprenants<\/li>\n<\/ul>\n<p><span style=\"text-decoration: underline;\"><span style=\"color: #993366;\"><strong>M\u00e9thodes mobilis\u00e9es \/ Modalit\u00e9s d\u2019\u00e9valuation <\/strong><\/span><\/span>&nbsp;: Sac de premiers secours, mannequins, supports informatique (PC\/Vid\u00e9o\/cl\u00e9 USB) \/ Formation formative<\/p>\n<p><span style=\"text-decoration: underline;\"><span style=\"color: #993366;\"><strong>Possibilit\u00e9s de validation d\u2019un\/des blocs de comp\u00e9tences<\/strong><\/span><\/span>&nbsp;: NON<\/p>\n<p><span style=\"text-decoration: underline;\"><span style=\"color: #993366;\"><strong>Equivalences, passerelles<\/strong><\/span><\/span>&nbsp;: NON<\/p>\n<p><span style=\"text-decoration: underline;\"><span style=\"color: #993366;\"><strong>Suites de parcours<\/strong><\/span><\/span>&nbsp;: formateur de premiers secours<\/p>\n<p><span style=\"text-decoration: underline;\"><span style=\"color: #993366; text-decoration: underline;\"><strong>D\u00e9bouch\u00e9s<\/strong>&nbsp;<\/span><\/span>: Equipier d\u2019un dispositif de premiers secours, BNSSA<\/p>\n<p><span style=\"text-decoration: underline;\"><span style=\"color: #993366;\"><strong>Taux d\u2019obtention des certifications pr\u00e9par\u00e9es<\/strong><\/span><\/span>&nbsp;: 100%<\/p>\n<p><span style=\"text-decoration: underline;\"><span style=\"color: #993366; text-decoration: underline;\"><strong>Documentation<\/strong> <\/span><\/span><strong><span style=\"text-decoration: underline;\"><span style=\"color: #993366; text-decoration: underline;\">utile<\/span><\/span>&nbsp;: <\/strong>aucune documentation n\u2019est donn\u00e9e au participant<\/p>\n<p><span style=\"text-decoration: underline; color: #993366;\"><strong>Tarif<\/strong><\/span>&nbsp;: 95\u20ac<\/p>\n<h3 style=\"text-align: center;\"><span style=\"color: #993366;\"><strong>Contact<\/strong>&nbsp;:<\/span><\/h3>\n<p style=\"text-align: center;\"><u>R\u00e9f\u00e9rent Administratif<\/u>&nbsp;:<br>DANGER Sophie \u2013 Assistante de direction \u2013 02 32 70 44 35 \u2013 udsp76@gmail.com<\/p>\n<p style=\"text-align: center;\"><u>R\u00e9f\u00e9rent P\u00e9dagogique<\/u>: <br>COURONNET Pierre \u2013 Formateur de formateurs \u2013 06 11 58 77 16 \u2013 udsp76formations@wanadoo.fr<\/p>\n<p><\/p><\/div>\n\t\t\t\t<\/div>\n\t\t\t\t<\/div>\n\t\t\t\t\t\t<\/div>\n\t\t\t<\/div>\n\t\t<\/div>\n\t\t\t\t\t\t<\/div>\n\t\t\t<\/div>\n\t\t<\/section>\n\t\t\t\t<section class=\"elementor-element elementor-element-0b70ca4 elementor-section-boxed elementor-section-height-default elementor-section-height-default elementor-section elementor-top-section\" data-id=\"0b70ca4\" data-element_type=\"section\">\n\t\t\t\t\t\t<div class=\"elementor-container elementor-column-gap-default\">\n\t\t\t\t<div class=\"elementor-row\">\n\t\t\t\t<div class=\"elementor-element elementor-element-b6513bc elementor-column elementor-col-100 elementor-top-column\" data-id=\"b6513bc\" data-element_type=\"column\">\n\t\t\t<div class=\"elementor-column-wrap  elementor-element-populated\">\n\t\t\t\t\t<div class=\"elementor-widget-wrap\">\n\t\t\t\t<div class=\"elementor-element elementor-element-14c4755 elementor-widget elementor-widget-text-editor\" data-id=\"14c4755\" data-element_type=\"widget\" data-widget_type=\"text-editor.default\">\n\t\t\t\t<div class=\"elementor-widget-container\">\n\t\t\t\t\t<div class=\"elementor-text-editor elementor-clearfix\"><h3><span style=\"color: #339966;\">PROGRAMME DE FORMATION : <a href=\"https:\/\/www.udsp76.com\/wp-content\/uploads\/2024\/06\/Programme-formation-FCPSE-1.pdf\">CLIQUEZ ICI<\/a><\/span><\/h3><\/div>\n\t\t\t\t<\/div>\n\t\t\t\t<\/div>\n\t\t\t\t\t\t<\/div>\n\t\t\t<\/div>\n\t\t<\/div>\n\t\t\t\t\t\t<\/div>\n\t\t\t<\/div>\n\t\t<\/section>\n\t\t\t\t<section class=\"elementor-element elementor-element-ed63e4e elementor-section-boxed elementor-section-height-default elementor-section-height-default elementor-section elementor-top-section\" data-id=\"ed63e4e\" data-element_type=\"section\">\n\t\t\t\t\t\t<div class=\"elementor-container elementor-column-gap-default\">\n\t\t\t\t<div class=\"elementor-row\">\n\t\t\t\t<div class=\"elementor-element elementor-element-e2a8eaa elementor-column elementor-col-100 elementor-top-column\" data-id=\"e2a8eaa\" data-element_type=\"column\">\n\t\t\t<div class=\"elementor-column-wrap  elementor-element-populated\">\n\t\t\t\t\t<div class=\"elementor-widget-wrap\">\n\t\t\t\t<div class=\"elementor-element elementor-element-e1469bd elementor-widget elementor-widget-text-editor\" data-id=\"e1469bd\" data-element_type=\"widget\" data-widget_type=\"text-editor.default\">\n\t\t\t\t<div class=\"elementor-widget-container\">\n\t\t\t\t\t<div class=\"elementor-text-editor elementor-clearfix\"><h3><span style=\"color: #339966;\">FICHE DE PRESENTATION DE LA FORMATION :<\/span> <a href=\"https:\/\/www.udsp76.com\/wp-content\/uploads\/2024\/06\/FCPSE1-Fiche-de-presentation-de-la-formation.pdf\">CLIQUEZ ICI<\/a><\/h3><\/div>\n\t\t\t\t<\/div>\n\t\t\t\t<\/div>\n\t\t\t\t\t\t<\/div>\n\t\t\t<\/div>\n\t\t<\/div>\n\t\t\t\t\t\t<\/div>\n\t\t\t<\/div>\n\t\t<\/section>\n\t\t\t\t<section class=\"elementor-element elementor-element-1ec035e elementor-section-boxed elementor-section-height-default elementor-section-height-default elementor-section elementor-top-section\" data-id=\"1ec035e\" data-element_type=\"section\">\n\t\t\t\t\t\t<div class=\"elementor-container elementor-column-gap-default\">\n\t\t\t\t<div class=\"elementor-row\">\n\t\t\t\t<div class=\"elementor-element elementor-element-0f69923 elementor-column elementor-col-100 elementor-top-column\" data-id=\"0f69923\" data-element_type=\"column\">\n\t\t\t<div class=\"elementor-column-wrap  elementor-element-populated\">\n\t\t\t\t\t<div class=\"elementor-widget-wrap\">\n\t\t\t\t<div class=\"elementor-element elementor-element-cf63a9b elementor-widget elementor-widget-image\" data-id=\"cf63a9b\" data-element_type=\"widget\" data-widget_type=\"image.default\">\n\t\t\t\t<div class=\"elementor-widget-container\">\n\t\t\t\t\t<div class=\"elementor-image\">\n\t\t\t\t\t\t\t\t\t\t<img width=\"768\" height=\"1024\" src=\"https:\/\/www.udsp76.com\/wp-content\/uploads\/2021\/05\/IMG_1330-768x1024.jpg\" class=\"attachment-large size-large\" alt=\"\" decoding=\"async\" loading=\"lazy\" srcset=\"https:\/\/www.udsp76.com\/wp-content\/uploads\/2021\/05\/IMG_1330-768x1024.jpg 768w, https:\/\/www.udsp76.com\/wp-content\/uploads\/2021\/05\/IMG_1330-225x300.jpg 225w, https:\/\/www.udsp76.com\/wp-content\/uploads\/2021\/05\/IMG_1330-1152x1536.jpg 1152w, https:\/\/www.udsp76.com\/wp-content\/uploads\/2021\/05\/IMG_1330-1536x2048.jpg 1536w, https:\/\/www.udsp76.com\/wp-content\/uploads\/2021\/05\/IMG_1330-scaled.jpg 1920w\" sizes=\"(max-width: 768px) 100vw, 768px\" \/>\t\t\t\t\t\t\t\t\t\t\t<\/div>\n\t\t\t\t<\/div>\n\t\t\t\t<\/div>\n\t\t\t\t\t\t<\/div>\n\t\t\t<\/div>\n\t\t<\/div>\n\t\t\t\t\t\t<\/div>\n\t\t\t<\/div>\n\t\t<\/section>\n\t\t\t\t\t\t<\/div>\n\t\t\t<\/div>\n\t\t<\/div>\n\t\t","protected":false},"excerpt":{"rendered":"<p>Public vis\u00e9 : Accessible \u00e0 tout personne \u00e0 partir de 16 ans munie d\u2019une autorisation parentale Pr\u00e9requis : Etre titulaire du PSE1 Objectifs : Maintenir \u00e0 jour les comp\u00e9tences n\u00e9cessaires afin de porter secours, sur le plan technique et humain, \u00e0 une ou plusieurs victimes, en agissant seul ou sein d\u2019une \u00e9quipe, avec ou sans&hellip;<\/p>\n","protected":false},"author":1,"featured_media":0,"parent":0,"menu_order":0,"comment_status":"closed","ping_status":"closed","template":"","meta":[],"categories":[],"tags":[],"_links":{"self":[{"href":"https:\/\/www.udsp76.com\/index.php?rest_route=\/wp\/v2\/pages\/1886"}],"collection":[{"href":"https:\/\/www.udsp76.com\/index.php?rest_route=\/wp\/v2\/pages"}],"about":[{"href":"https:\/\/www.udsp76.com\/index.php?rest_route=\/wp\/v2\/types\/page"}],"author":[{"embeddable":true,"href":"https:\/\/www.udsp76.com\/index.php?rest_route=\/wp\/v2\/users\/1"}],"replies":[{"embeddable":true,"href":"https:\/\/www.udsp76.com\/index.php?rest_route=%2Fwp%2Fv2%2Fcomments&post=1886"}],"version-history":[{"count":17,"href":"https:\/\/www.udsp76.com\/index.php?rest_route=\/wp\/v2\/pages\/1886\/revisions"}],"predecessor-version":[{"id":3007,"href":"https:\/\/www.udsp76.com\/index.php?rest_route=\/wp\/v2\/pages\/1886\/revisions\/3007"}],"wp:attachment":[{"href":"https:\/\/www.udsp76.com\/index.php?rest_route=%2Fwp%2Fv2%2Fmedia&parent=1886"}],"wp:term":[{"taxonomy":"category","embeddable":true,"href":"https:\/\/www.udsp76.com\/index.php?rest_route=%2Fwp%2Fv2%2Fcategories&post=1886"},{"taxonomy":"post_tag","embeddable":true,"href":"https:\/\/www.udsp76.com\/index.php?rest_route=%2Fwp%2Fv2%2Ftags&post=1886"}],"curies":[{"name":"wp","href":"https:\/\/api.w.org\/{rel}","templated":true}]}}