{"id":1857,"date":"2021-05-05T14:54:26","date_gmt":"2021-05-05T14:54:26","guid":{"rendered":"https:\/\/www.udsp76.com\/?page_id=1857"},"modified":"2026-01-07T15:59:06","modified_gmt":"2026-01-07T15:59:06","slug":"elementor-1857","status":"publish","type":"page","link":"https:\/\/www.udsp76.com\/?page_id=1857","title":{"rendered":"Premiers Secours en \u00c9quipe de Niveau 1 (PSE1)"},"content":{"rendered":"\t\t<div data-elementor-type=\"wp-post\" data-elementor-id=\"1857\" class=\"elementor elementor-1857\" data-elementor-settings=\"[]\">\n\t\t\t<div class=\"elementor-inner\">\n\t\t\t\t<div class=\"elementor-section-wrap\">\n\t\t\t\t\t\t\t<section class=\"elementor-element elementor-element-3ec84d8 elementor-section-boxed elementor-section-height-default elementor-section-height-default elementor-section elementor-top-section\" data-id=\"3ec84d8\" data-element_type=\"section\">\n\t\t\t\t\t\t<div class=\"elementor-container elementor-column-gap-default\">\n\t\t\t\t<div class=\"elementor-row\">\n\t\t\t\t<div class=\"elementor-element elementor-element-f396ede elementor-column elementor-col-100 elementor-top-column\" data-id=\"f396ede\" data-element_type=\"column\">\n\t\t\t<div class=\"elementor-column-wrap  elementor-element-populated\">\n\t\t\t\t\t<div class=\"elementor-widget-wrap\">\n\t\t\t\t<div class=\"elementor-element elementor-element-763a7d7 elementor-widget elementor-widget-text-editor\" data-id=\"763a7d7\" data-element_type=\"widget\" data-widget_type=\"text-editor.default\">\n\t\t\t\t<div class=\"elementor-widget-container\">\n\t\t\t\t\t<div class=\"elementor-text-editor elementor-clearfix\"><p><span style=\"text-decoration: underline;\"><span style=\"color: #993366; text-decoration: underline;\"><strong>Public vis\u00e9<\/strong>:<\/span><\/span> Accessible \u00e0 tout personne \u00e0 partir de 16 ans munie d\u2019une autorisation parentale<\/p><p><span style=\"text-decoration: underline;\"><span style=\"color: #993366;\"><strong>Pr\u00e9requis<\/strong><\/span><\/span> <strong>: <\/strong>Aucun<\/p><p><span style=\"text-decoration: underline; color: #993366;\"><strong>Objectifs<\/strong><\/span>\u00a0: Faire acqu\u00e9rir \u00e0 l\u2019apprenant les capacit\u00e9s n\u00e9cessaires \u00e0 porte secours, sur un plan technique et humain, \u00e0 une ou plusieurs victimes, en agissant seul ou au sein d\u2019une \u00e9quipe, avec ou sans mat\u00e9riel, dans l\u2019attente ou en compl\u00e9ment des services publics de secours concern\u00e9s<\/p><p><span style=\"text-decoration: underline;\"><span style=\"color: #993366; text-decoration: underline;\"><strong>Contenu<\/strong>\u00a0<\/span><\/span>: l\u2019apprenant doit \u00eatre capable\u00a0:<\/p><ul><li>\u00a0D&#8217;\u00e9voluer dans le cadre juridique applicable \u00e0 son action de secours et dans le respect des proc\u00e9dures d\u00e9finies par son autorit\u00e9 d&#8217;emploi.<\/li><li>D&#8217;assurer une protection imm\u00e9diate, adapt\u00e9e et permanente, pour lui-m\u00eame, la victime et les autres personnes des dangers environnants.<\/li><li>De r\u00e9aliser un bilan et d&#8217;assurer sa transmission aux services appropri\u00e9s.<\/li><li>De r\u00e9aliser les gestes de premiers secours face \u00e0 une personne :\u00a0 \u00a0 \u00a0 \u00a0 \u00a0<br \/>&#8211; victime d&#8217;une obstruction des voies a\u00e9riennes<br \/>&#8211; victime d&#8217;un saignement abondant ;<br \/>&#8211; ayant perdu connaissance ;\u00a0 \u00a0 \u00a0 \u00a0 \u00a0 \u00a0 \u00a0 \u00a0 \u00a0<br \/>&#8211; en arr\u00eat cardiaque ;\u00a0 \u00a0 \u00a0 \u00a0 \u00a0 \u00a0 \u00a0 \u00a0 \u00a0 <br \/>&#8211; victime d&#8217;une d\u00e9tresse respiratoire, <br \/>&#8211; circulatoire ou neurologique\u00a0 \u00a0 \u00a0 \u00a0 \u00a0\u00a0<br \/>&#8211; pr\u00e9sentant un malaise<br \/>&#8211; pr\u00e9sentant un traumatisme des membres ou de la peau<\/li><\/ul><p><span style=\"text-decoration: underline;\"><span style=\"color: #993366;\"><strong>Dur\u00e9e<\/strong><\/span><\/span><strong>: <\/strong>35 heures<\/p><p><span style=\"text-decoration: underline;\"><span style=\"color: #993366;\"><strong>Modalit\u00e9s pratiques et logistiques<\/strong><\/span><\/span>\u00a0: La formation se d\u00e9roule sur 5 journ\u00e9es de 07 heures. Restauration libre<\/p><p><span style=\"text-decoration: underline;\"><span style=\"color: #993366; text-decoration: underline;\"><strong>D\u00e9lais d\u2019acc\u00e8s \u00e0 la formation<\/strong>\u00a0<\/span><\/span>: inscription par t\u00e9l\u00e9phone<\/p><p><span style=\"text-decoration: underline;\"><span style=\"color: #993366; text-decoration: underline;\"><strong>Accessibilit\u00e9 aux personnes handicap\u00e9es<\/strong>\u00a0<\/span><\/span>: non<\/p><p><strong><span style=\"text-decoration: underline;\"><span style=\"color: #993366; text-decoration: underline;\">Lieu de la formation<\/span><\/span>\u00a0:<\/strong> YVETOT (Maison des sapeurs-pompiers) \u2013 Sur site (entreprises\u2026) &#8211;<\/p><p><strong><span style=\"text-decoration: underline;\"><span style=\"color: #993366; text-decoration: underline;\">Pr\u00e9sentation de l\u2019\u00e9quipe p\u00e9dagogique<\/span><\/span>\u00a0: <\/strong>Etre titulaire du certificat de comp\u00e9tences de \u00ab\u00a0formateur de premiers secours en \u00e9quipe \u00bb \u00e0 jour de leur formation continue<\/p><ul><li>2 formateurs dont un responsable p\u00e9dagogique pour 6 \u00e0 12 apprenants<\/li><li>3 formateurs dont un responsable p\u00e9dagogique pour 13 \u00e0 18 apprenants<\/li><\/ul><p><strong><span style=\"text-decoration: underline;\"><span style=\"color: #993366; text-decoration: underline;\">M<\/span><\/span><span style=\"text-decoration: underline; color: #993366;\">\u00e9thodes mobilis\u00e9es \/ Modalit\u00e9s d\u2019\u00e9valuation<\/span><\/strong>\u00a0: Sac de premiers secours, oxyg\u00e9noth\u00e9rapie, mannequins, supports informatique (PC\/Vid\u00e9o\/cl\u00e9 USB) \/ Formation formative avis\u00e9e certificative et sommative<\/p><p><span style=\"text-decoration: underline;\"><span style=\"color: #993366;\"><strong>Possibilit\u00e9s de validation d\u2019un\/des blocs de comp\u00e9tences<\/strong><\/span><\/span>\u00a0: NON<\/p><p><span style=\"text-decoration: underline;\"><span style=\"color: #993366;\"><strong>Equivalences, passerelles<\/strong><\/span><\/span>\u00a0: NON<\/p><p><span style=\"text-decoration: underline;\"><span style=\"color: #993366;\"><strong>Suites de parcours<\/strong><\/span><\/span>\u00a0: Emmener le candidat \u00e0 se former en PSE2 \u2013 Suivre une formation continue de 6 heures\/an (programme annuel \u00e0 minima d\u00e9finit par la Direction G\u00e9n\u00e9rale de la S\u00e9curit\u00e9 Civiles et de la Gestion de Crises<\/p><p><span style=\"text-decoration: underline;\"><span style=\"color: #993366;\"><strong>D\u00e9bouch\u00e9s<\/strong><\/span><\/span>\u00a0: Equipier d\u2019un dispositif de premiers secours,<\/p><p><span style=\"text-decoration: underline;\"><span style=\"color: #993366;\"><strong>Taux d\u2019obtention des certifications pr\u00e9par\u00e9es<\/strong><\/span><\/span>\u00a0: 90%<\/p><p><span style=\"text-decoration: underline; color: #993366;\"><strong>Documentation<\/strong> <\/span><strong><span style=\"text-decoration: underline; color: #993366;\">utile<\/span>\u00a0: <\/strong>Un livret \u00ab\u00a0Premiers Secours en Equipe de Niveau 1\u00a0\u00bb est remis \u00e0 chaque participant \u00e0 l\u2019issue de la formation<\/p><p><span style=\"text-decoration: underline;\"><span style=\"color: #993366;\"><strong>Tarif<\/strong><\/span><\/span>\u00a0: 325\u20ac<\/p><h3>\u00c9ligible CPF<\/h3><h3 style=\"text-align: center;\"><span style=\"text-decoration: underline;\"><span style=\"color: #993366; text-decoration: underline;\"><strong>Contact<\/strong> :<\/span><\/span><\/h3><p style=\"text-align: center;\"><u>R\u00e9f\u00e9rent Administratif<\/u>\u00a0:<\/p><p style=\"text-align: center;\">DANGER Sophie \u2013 Assistante de direction \u2013 02 32 70 44 35 \u2013 udsp76@gmail.com<\/p><p style=\"text-align: center;\"><u>R\u00e9f\u00e9rent P\u00e9dagogique<\/u>:<\/p><p style=\"text-align: center;\">COURONNET Pierre \u2013 Formateur de formateurs \u2013 06 11 58 77 16 \u2013 udsp76formations@wanadoo.fr<\/p><\/div>\n\t\t\t\t<\/div>\n\t\t\t\t<\/div>\n\t\t\t\t\t\t<\/div>\n\t\t\t<\/div>\n\t\t<\/div>\n\t\t\t\t\t\t<\/div>\n\t\t\t<\/div>\n\t\t<\/section>\n\t\t\t\t<section class=\"elementor-element elementor-element-e204d7c elementor-section-boxed elementor-section-height-default elementor-section-height-default elementor-section elementor-top-section\" data-id=\"e204d7c\" data-element_type=\"section\">\n\t\t\t\t\t\t<div class=\"elementor-container elementor-column-gap-default\">\n\t\t\t\t<div class=\"elementor-row\">\n\t\t\t\t<div class=\"elementor-element elementor-element-766c2e6 elementor-column elementor-col-100 elementor-top-column\" data-id=\"766c2e6\" data-element_type=\"column\">\n\t\t\t<div class=\"elementor-column-wrap  elementor-element-populated\">\n\t\t\t\t\t<div class=\"elementor-widget-wrap\">\n\t\t\t\t<div class=\"elementor-element elementor-element-9a28e21 elementor-widget elementor-widget-text-editor\" data-id=\"9a28e21\" data-element_type=\"widget\" data-widget_type=\"text-editor.default\">\n\t\t\t\t<div class=\"elementor-widget-container\">\n\t\t\t\t\t<div class=\"elementor-text-editor elementor-clearfix\"><h3><span style=\"color: #339966;\">PROGRAMME DE FORMATION<\/span> : <a href=\"https:\/\/www.udsp76.com\/wp-content\/uploads\/2024\/06\/Programme-formation-PSE-1.pdf\">CLIQUEZ ICI<\/a><\/h3><div>\u00a0<\/div><div>Fiche France Comp\u00e9tences : RS5719 &#8211;\u00a0<a href=\"https:\/\/www.francecompetences.fr\/recherche\/rs\/5719\/\">CLIQUEZ ICI POUR TELECHARGER LA FICHE<\/a><\/div><\/div>\n\t\t\t\t<\/div>\n\t\t\t\t<\/div>\n\t\t\t\t\t\t<\/div>\n\t\t\t<\/div>\n\t\t<\/div>\n\t\t\t\t\t\t<\/div>\n\t\t\t<\/div>\n\t\t<\/section>\n\t\t\t\t<section class=\"elementor-element elementor-element-79dd11d elementor-section-boxed elementor-section-height-default elementor-section-height-default elementor-section elementor-top-section\" data-id=\"79dd11d\" data-element_type=\"section\">\n\t\t\t\t\t\t<div class=\"elementor-container elementor-column-gap-default\">\n\t\t\t\t<div class=\"elementor-row\">\n\t\t\t\t<div class=\"elementor-element elementor-element-03f1de3 elementor-column elementor-col-100 elementor-top-column\" data-id=\"03f1de3\" data-element_type=\"column\">\n\t\t\t<div class=\"elementor-column-wrap  elementor-element-populated\">\n\t\t\t\t\t<div class=\"elementor-widget-wrap\">\n\t\t\t\t<div class=\"elementor-element elementor-element-3c79428 elementor-widget elementor-widget-text-editor\" data-id=\"3c79428\" data-element_type=\"widget\" data-widget_type=\"text-editor.default\">\n\t\t\t\t<div class=\"elementor-widget-container\">\n\t\t\t\t\t<div class=\"elementor-text-editor elementor-clearfix\"><h3><span style=\"color: #339966;\">FICHE DE PRESENTATION DE LA FORMATION<\/span> : <a href=\"https:\/\/www.udsp76.com\/wp-content\/uploads\/2024\/06\/PSE1-Fiche-de-presentation-de-la-formation.pdf\">CLIQUEZ ICI<\/a><\/h3><\/div>\n\t\t\t\t<\/div>\n\t\t\t\t<\/div>\n\t\t\t\t\t\t<\/div>\n\t\t\t<\/div>\n\t\t<\/div>\n\t\t\t\t\t\t<\/div>\n\t\t\t<\/div>\n\t\t<\/section>\n\t\t\t\t<section class=\"elementor-element elementor-element-d7a5ccd elementor-section-boxed elementor-section-height-default elementor-section-height-default elementor-section elementor-top-section\" data-id=\"d7a5ccd\" data-element_type=\"section\">\n\t\t\t\t\t\t<div class=\"elementor-container elementor-column-gap-default\">\n\t\t\t\t<div class=\"elementor-row\">\n\t\t\t\t<div class=\"elementor-element elementor-element-41a6e7f elementor-column elementor-col-100 elementor-top-column\" data-id=\"41a6e7f\" data-element_type=\"column\">\n\t\t\t<div class=\"elementor-column-wrap  elementor-element-populated\">\n\t\t\t\t\t<div class=\"elementor-widget-wrap\">\n\t\t\t\t<div class=\"elementor-element elementor-element-721e01c elementor-widget elementor-widget-image\" data-id=\"721e01c\" data-element_type=\"widget\" data-widget_type=\"image.default\">\n\t\t\t\t<div class=\"elementor-widget-container\">\n\t\t\t\t\t<div class=\"elementor-image\">\n\t\t\t\t\t\t\t\t\t\t<img width=\"1024\" height=\"768\" src=\"https:\/\/www.udsp76.com\/wp-content\/uploads\/2021\/05\/IMG_1335-1024x768.jpg\" class=\"attachment-large size-large\" alt=\"\" decoding=\"async\" loading=\"lazy\" srcset=\"https:\/\/www.udsp76.com\/wp-content\/uploads\/2021\/05\/IMG_1335-1024x768.jpg 1024w, https:\/\/www.udsp76.com\/wp-content\/uploads\/2021\/05\/IMG_1335-300x225.jpg 300w, https:\/\/www.udsp76.com\/wp-content\/uploads\/2021\/05\/IMG_1335-768x576.jpg 768w, https:\/\/www.udsp76.com\/wp-content\/uploads\/2021\/05\/IMG_1335-1536x1152.jpg 1536w, https:\/\/www.udsp76.com\/wp-content\/uploads\/2021\/05\/IMG_1335-2048x1536.jpg 2048w, https:\/\/www.udsp76.com\/wp-content\/uploads\/2021\/05\/IMG_1335-160x120.jpg 160w\" sizes=\"(max-width: 1024px) 100vw, 1024px\" \/>\t\t\t\t\t\t\t\t\t\t\t<\/div>\n\t\t\t\t<\/div>\n\t\t\t\t<\/div>\n\t\t\t\t\t\t<\/div>\n\t\t\t<\/div>\n\t\t<\/div>\n\t\t\t\t\t\t<\/div>\n\t\t\t<\/div>\n\t\t<\/section>\n\t\t\t\t\t\t<\/div>\n\t\t\t<\/div>\n\t\t<\/div>\n\t\t","protected":false},"excerpt":{"rendered":"<p>Public vis\u00e9: Accessible \u00e0 tout personne \u00e0 partir de 16 ans munie d\u2019une autorisation parentale Pr\u00e9requis : Aucun Objectifs\u00a0: Faire acqu\u00e9rir \u00e0 l\u2019apprenant les capacit\u00e9s n\u00e9cessaires \u00e0 porte secours, sur un plan technique et humain, \u00e0 une ou plusieurs victimes, en agissant seul ou au sein d\u2019une \u00e9quipe, avec ou sans mat\u00e9riel, dans l\u2019attente ou&hellip;<\/p>\n","protected":false},"author":1,"featured_media":0,"parent":0,"menu_order":0,"comment_status":"closed","ping_status":"closed","template":"","meta":[],"categories":[],"tags":[],"_links":{"self":[{"href":"https:\/\/www.udsp76.com\/index.php?rest_route=\/wp\/v2\/pages\/1857"}],"collection":[{"href":"https:\/\/www.udsp76.com\/index.php?rest_route=\/wp\/v2\/pages"}],"about":[{"href":"https:\/\/www.udsp76.com\/index.php?rest_route=\/wp\/v2\/types\/page"}],"author":[{"embeddable":true,"href":"https:\/\/www.udsp76.com\/index.php?rest_route=\/wp\/v2\/users\/1"}],"replies":[{"embeddable":true,"href":"https:\/\/www.udsp76.com\/index.php?rest_route=%2Fwp%2Fv2%2Fcomments&post=1857"}],"version-history":[{"count":24,"href":"https:\/\/www.udsp76.com\/index.php?rest_route=\/wp\/v2\/pages\/1857\/revisions"}],"predecessor-version":[{"id":3231,"href":"https:\/\/www.udsp76.com\/index.php?rest_route=\/wp\/v2\/pages\/1857\/revisions\/3231"}],"wp:attachment":[{"href":"https:\/\/www.udsp76.com\/index.php?rest_route=%2Fwp%2Fv2%2Fmedia&parent=1857"}],"wp:term":[{"taxonomy":"category","embeddable":true,"href":"https:\/\/www.udsp76.com\/index.php?rest_route=%2Fwp%2Fv2%2Fcategories&post=1857"},{"taxonomy":"post_tag","embeddable":true,"href":"https:\/\/www.udsp76.com\/index.php?rest_route=%2Fwp%2Fv2%2Ftags&post=1857"}],"curies":[{"name":"wp","href":"https:\/\/api.w.org\/{rel}","templated":true}]}}